{"id":464,"date":"2018-07-03T08:10:25","date_gmt":"2018-07-03T08:10:25","guid":{"rendered":"https:\/\/hotelkotoni.al\/index.php\/rooms\/"},"modified":"2018-07-03T09:53:52","modified_gmt":"2018-07-03T09:53:52","slug":"rooms","status":"publish","type":"page","link":"https:\/\/hotelkotoni.al\/index.php\/rooms\/?lang=sq","title":{"rendered":"Dhomat"},"content":{"rendered":"<div class=\"wpb-content-wrapper\"><p>[vc_row css=&#8221;.vc_custom_1530604660984{background-color: rgba(219,194,148,0.19) !important;*background-color: rgb(219,194,148) !important;}&#8221;][vc_column width=&#8221;1\/3&#8243;][vc_single_image image=&#8221;289&#8243; img_size=&#8221;full&#8221; alignment=&#8221;center&#8221; style=&#8221;vc_box_outline&#8221; border_color=&#8221;chino&#8221; image_hovers=&#8221;false&#8221;][\/vc_column][vc_column width=&#8221;2\/3&#8243;][vc_custom_heading text=&#8221;Dhom\u00eb Dopio&#8221; font_container=&#8221;tag:h2|font_size:35px|text_align:left|color:%23383838|line_height:40px&#8221; google_fonts=&#8221;font_family:Playfair%20Display%3Aregular%2Citalic%2C700%2C700italic%2C900%2C900italic|font_style:700%20bold%20regular%3A700%3Anormal&#8221;][vc_separator color=&#8221;custom&#8221; align=&#8221;align_left&#8221; border_width=&#8221;2&#8243; el_width=&#8221;20&#8243; accent_color=&#8221;#ddae24&#8243;][vc_separator color=&#8221;custom&#8221; align=&#8221;align_left&#8221; el_width=&#8221;10&#8243; accent_color=&#8221;#ddae24&#8243; css=&#8221;.vc_custom_1530604880392{margin-top: -30px !important;}&#8221;][vc_column_text css=&#8221;.vc_custom_1530608453384{margin-right: 30px !important;}&#8221;]<\/p>\n<p style=\"text-align: justify;\">Dhoma dopio \u00ebsht\u00eb e dekoruar n\u00eb m\u00ebnyr\u00eb tradicionale, me motive tipike t\u00eb zon\u00ebs s\u00eb Gjirokastr\u00ebs dhe \u00ebsht\u00eb e p\u00ebrshtatshme p\u00ebr \u00e7ifte. Kjo dhom\u00eb ju ofron nj\u00eb pamje fantastike t\u00eb qytetit t\u00eb lasht\u00eb dhe gjithashtu shum\u00eb leht\u00ebsira t\u00eb tjera p\u00ebr t&#8217;i b\u00ebr\u00eb pushimet tuaja t\u00eb paharrueshme.<\/p>\n<p>[\/vc_column_text][vc_btn title=&#8221;M\u00cb SHUM\u00cb&#8221; style=&#8221;custom&#8221; custom_background=&#8221;#ddae24&#8243; custom_text=&#8221;#ffffff&#8221; shape=&#8221;square&#8221; align=&#8221;left&#8221; link=&#8221;url:https%3A%2F%2Fhotelkotoni.al%2Findex.php%2Fdouble-room%2F%3Flang%3Dsq|||&#8221;][\/vc_column][\/vc_row][vc_row][vc_column][\/vc_column][\/vc_row][vc_row css=&#8221;.vc_custom_1530604660984{background-color: rgba(219,194,148,0.19) !important;*background-color: rgb(219,194,148) !important;}&#8221;][vc_column width=&#8221;1\/3&#8243;][vc_single_image image=&#8221;306&#8243; img_size=&#8221;full&#8221; alignment=&#8221;center&#8221; style=&#8221;vc_box_outline&#8221; border_color=&#8221;chino&#8221; image_hovers=&#8221;false&#8221;][\/vc_column][vc_column width=&#8221;2\/3&#8243;][vc_custom_heading text=&#8221;Dhom\u00eb Treshe&#8221; font_container=&#8221;tag:h2|font_size:35px|text_align:left|color:%23383838|line_height:40px&#8221; google_fonts=&#8221;font_family:Playfair%20Display%3Aregular%2Citalic%2C700%2C700italic%2C900%2C900italic|font_style:700%20bold%20regular%3A700%3Anormal&#8221;][vc_separator color=&#8221;custom&#8221; align=&#8221;align_left&#8221; border_width=&#8221;2&#8243; el_width=&#8221;20&#8243; accent_color=&#8221;#ddae24&#8243;][vc_separator color=&#8221;custom&#8221; align=&#8221;align_left&#8221; el_width=&#8221;10&#8243; accent_color=&#8221;#ddae24&#8243; css=&#8221;.vc_custom_1530604880392{margin-top: -30px !important;}&#8221;][vc_column_text css=&#8221;.vc_custom_1530608537402{margin-right: 30px !important;}&#8221;]<\/p>\n<p style=\"text-align: justify;\">Dhoma treshe \u00ebsht\u00eb e dekoruar n\u00eb m\u00ebnyr\u00eb tradicionale, me motive tipike t\u00eb zon\u00ebs s\u00eb Gjirokastr\u00ebs dhe p\u00ebrmban nj\u00eb krevat dopio dhe nj\u00eb t\u00eb tek. Kjo dhom\u00eb ju ofron nj\u00eb pamje fantastike t\u00eb qytetit t\u00eb lasht\u00eb dhe gjithashtu shum\u00eb leht\u00ebsira t\u00eb tjera p\u00ebr t&#8217;i b\u00ebr\u00eb pushimet tuaja t\u00eb paharrueshme.<\/p>\n<p>[\/vc_column_text][vc_btn title=&#8221;M\u00cb SHUM\u00cb&#8221; style=&#8221;custom&#8221; custom_background=&#8221;#ddae24&#8243; custom_text=&#8221;#ffffff&#8221; shape=&#8221;square&#8221; align=&#8221;left&#8221; link=&#8221;url:https%3A%2F%2Fhotelkotoni.al%2Findex.php%2Ftriple-room%2F%3Flang%3Dsq|||&#8221;][\/vc_column][\/vc_row]<\/p>\n<\/div>","protected":false},"excerpt":{"rendered":"<p>[vc_row css=&#8221;.vc_custom_1530604660984{background-color: rgba(219,194,148,0.19) !important;*background-color: rgb(219,194,148) !important;}&#8221;][vc_column width=&#8221;1\/3&#8243;][vc_single_image image=&#8221;289&#8243; img_size=&#8221;full&#8221; alignment=&#8221;center&#8221; style=&#8221;vc_box_outline&#8221; border_color=&#8221;chino&#8221; image_hovers=&#8221;false&#8221;][\/vc_column][vc_column width=&#8221;2\/3&#8243;][vc_custom_heading text=&#8221;Dhom\u00eb Dopio&#8221; font_container=&#8221;tag:h2|font_size:35px|text_align:left|color:%23383838|line_height:40px&#8221; google_fonts=&#8221;font_family:Playfair%20Display%3Aregular%2Citalic%2C700%2C700italic%2C900%2C900italic|font_style:700%20bold%20regular%3A700%3Anormal&#8221;][vc_separator color=&#8221;custom&#8221; align=&#8221;align_left&#8221; border_width=&#8221;2&#8243; el_width=&#8221;20&#8243; accent_color=&#8221;#ddae24&#8243;][vc_separator color=&#8221;custom&#8221; align=&#8221;align_left&#8221; el_width=&#8221;10&#8243; accent_color=&#8221;#ddae24&#8243; css=&#8221;.vc_custom_1530604880392{margin-top: -30px !important;}&#8221;][vc_column_text css=&#8221;.vc_custom_1530608453384{margin-right: 30px !important;}&#8221;] Dhoma dopio \u00ebsht\u00eb e dekoruar n\u00eb m\u00ebnyr\u00eb tradicionale, me motive tipike t\u00eb zon\u00ebs s\u00eb Gjirokastr\u00ebs dhe \u00ebsht\u00eb e p\u00ebrshtatshme p\u00ebr \u00e7ifte. Kjo&hellip;<\/p>\n","protected":false},"author":2,"featured_media":0,"parent":0,"menu_order":0,"comment_status":"closed","ping_status":"closed","template":"","meta":{"footnotes":""},"class_list":["post-464","page","type-page","status-publish","hentry","description-off"],"_links":{"self":[{"href":"https:\/\/hotelkotoni.al\/index.php\/wp-json\/wp\/v2\/pages\/464","targetHints":{"allow":["GET"]}}],"collection":[{"href":"https:\/\/hotelkotoni.al\/index.php\/wp-json\/wp\/v2\/pages"}],"about":[{"href":"https:\/\/hotelkotoni.al\/index.php\/wp-json\/wp\/v2\/types\/page"}],"author":[{"embeddable":true,"href":"https:\/\/hotelkotoni.al\/index.php\/wp-json\/wp\/v2\/users\/2"}],"replies":[{"embeddable":true,"href":"https:\/\/hotelkotoni.al\/index.php\/wp-json\/wp\/v2\/comments?post=464"}],"version-history":[{"count":3,"href":"https:\/\/hotelkotoni.al\/index.php\/wp-json\/wp\/v2\/pages\/464\/revisions"}],"predecessor-version":[{"id":498,"href":"https:\/\/hotelkotoni.al\/index.php\/wp-json\/wp\/v2\/pages\/464\/revisions\/498"}],"wp:attachment":[{"href":"https:\/\/hotelkotoni.al\/index.php\/wp-json\/wp\/v2\/media?parent=464"}],"curies":[{"name":"wp","href":"https:\/\/api.w.org\/{rel}","templated":true}]}}